{"id":722,"date":"2023-06-08T13:30:58","date_gmt":"2023-06-08T10:30:58","guid":{"rendered":"https:\/\/clthirsi.fi\/?page_id=722"},"modified":"2025-09-16T13:44:12","modified_gmt":"2025-09-16T10:44:12","slug":"kontaktinformation","status":"publish","type":"page","link":"https:\/\/clthirsi.fi\/de\/kontaktinformation\/","title":{"rendered":"Kontaktinformation"},"content":{"rendered":"\n<div style=\"height:2em\" aria-hidden=\"true\" class=\"wp-block-spacer\"><\/div>\n\n\n\n<div class=\"wp-block-columns is-layout-flex wp-container-core-columns-is-layout-9d6595d7 wp-block-columns-is-layout-flex\">\n<div class=\"wp-block-column is-layout-flow wp-block-column-is-layout-flow\">\n<p class=\"has-large-font-size\">Verkauf<\/p>\n<\/div>\n\n\n\n<div class=\"wp-block-column is-layout-flow wp-block-column-is-layout-flow\">\n<figure class=\"wp-block-image size-full is-resized is-style-rounded\"><img loading=\"lazy\" decoding=\"async\" width=\"321\" height=\"321\" src=\"https:\/\/clthirsi.fi\/wp-content\/uploads\/2023\/06\/jukka.jpg\" alt=\"\" class=\"wp-image-99\" style=\"width:90px\" srcset=\"https:\/\/clthirsi.fi\/wp-content\/uploads\/2023\/06\/jukka.jpg 321w, https:\/\/clthirsi.fi\/wp-content\/uploads\/2023\/06\/jukka-300x300.jpg 300w, https:\/\/clthirsi.fi\/wp-content\/uploads\/2023\/06\/jukka-150x150.jpg 150w\" sizes=\"auto, (max-width: 321px) 100vw, 321px\"><\/figure>\n\n\n\n<p class=\"has-gray-dark-color has-text-color\"><strong>Jukka Hyv\u00e4rinen<\/strong><br>Gesch\u00e4ftsf\u00fchrer, Verkauf<br><a href=\"tel:+358500467755\">+358 500 4677 55<\/a><br><a href=\"mailto:jukka.hyvarinen@timberframe.fi\">jukka.hyvarinen@timberframe.fi<\/a><\/p>\n<\/div>\n\n\n\n<div class=\"wp-block-column is-layout-flow wp-block-column-is-layout-flow\">\n<figure class=\"wp-block-image size-full is-resized is-style-rounded\"><img loading=\"lazy\" decoding=\"async\" width=\"321\" height=\"321\" src=\"https:\/\/clthirsi.fi\/wp-content\/uploads\/2023\/06\/annukka.jpg\" alt=\"\" class=\"wp-image-98\" style=\"width:90px\" srcset=\"https:\/\/clthirsi.fi\/wp-content\/uploads\/2023\/06\/annukka.jpg 321w, https:\/\/clthirsi.fi\/wp-content\/uploads\/2023\/06\/annukka-300x300.jpg 300w, https:\/\/clthirsi.fi\/wp-content\/uploads\/2023\/06\/annukka-150x150.jpg 150w\" sizes=\"auto, (max-width: 321px) 100vw, 321px\"><\/figure>\n\n\n\n<p><strong>Annukka Rahikainen<\/strong><br>Sales\/Export (English)<br><a href=\"tel:+358400619594\">+358 400 6195 94<\/a><br><a href=\"mailto:annukka.rahikainen@timberframe.fi\">annukka.rahikainen@timberframe.fi<\/a><\/p>\n<\/div>\n<\/div>\n\n\n\n<div style=\"height:2em\" aria-hidden=\"true\" class=\"wp-block-spacer\"><\/div>\n\n\n\n<div class=\"wp-block-columns is-layout-flex wp-container-core-columns-is-layout-9d6595d7 wp-block-columns-is-layout-flex\">\n<div class=\"wp-block-column is-layout-flow wp-block-column-is-layout-flow\">\n<p class=\"has-large-font-size\">Hersteller<\/p>\n<\/div>\n\n\n\n<div class=\"wp-block-column is-layout-flow wp-block-column-is-layout-flow\">\n<p class=\"has-gray-dark-color has-text-color\"><strong>Oy Timber Frame Ltd<\/strong><br>Sammontakojankatu 8<br>FIN-88900 Kuhmo<br><a href=\"mailto:info@timberframe.fi\">info@timberframe.fi<\/a><br><a href=\"https:\/\/timberframe.fi\/de\/titelseite\" target=\"_blank\" rel=\"noopener\">timberframe.fi<\/a><\/p>\n<\/div>\n\n\n\n<div class=\"wp-block-column is-layout-flow wp-block-column-is-layout-flow\">\n<p><strong>Oy Crosslam Kuhmo Ltd<\/strong><br>Kivikatu 4<br>FIN-88900 Kuhmo<br><a href=\"javascript:;\">asiakaspalvelu@crosslam.fi<\/a><br><a href=\"https:\/\/crosslam.fi\/\" target=\"_blank\" rel=\"noopener\">crosslam.fi<\/a><\/p>\n<\/div>\n<\/div>\n\n\n\n<div style=\"height:6em\" aria-hidden=\"true\" class=\"wp-block-spacer\"><\/div>\n","protected":false},"excerpt":{"rendered":"<p>Verkauf Jukka Hyv\u00e4rinenGesch\u00e4ftsf\u00fchrer, Verkauf+358 500 4677 55jukka.hyvarinen@timberframe.fi Annukka RahikainenSales\/Export (English)+358 400 6195 94annukka.rahikainen@timberframe.fi Hersteller Oy Timber Frame LtdSammontakojankatu 8FIN-88900 Kuhmoinfo@timberframe.fitimberframe.fi Oy Crosslam Kuhmo LtdKivikatu 4FIN-88900 Kuhmoasiakaspalvelu@crosslam.ficrosslam.fi<\/p>\n","protected":false},"author":2,"featured_media":0,"parent":0,"menu_order":0,"comment_status":"closed","ping_status":"closed","template":"","meta":{"_acf_changed":false,"footnotes":""},"class_list":["post-722","page","type-page","status-publish","hentry"],"acf":[],"_links":{"self":[{"href":"https:\/\/clthirsi.fi\/de\/wp-json\/wp\/v2\/pages\/722","targetHints":{"allow":["GET"]}}],"collection":[{"href":"https:\/\/clthirsi.fi\/de\/wp-json\/wp\/v2\/pages"}],"about":[{"href":"https:\/\/clthirsi.fi\/de\/wp-json\/wp\/v2\/types\/page"}],"author":[{"embeddable":true,"href":"https:\/\/clthirsi.fi\/de\/wp-json\/wp\/v2\/users\/2"}],"replies":[{"embeddable":true,"href":"https:\/\/clthirsi.fi\/de\/wp-json\/wp\/v2\/comments?post=722"}],"version-history":[{"count":1,"href":"https:\/\/clthirsi.fi\/de\/wp-json\/wp\/v2\/pages\/722\/revisions"}],"predecessor-version":[{"id":1080,"href":"https:\/\/clthirsi.fi\/de\/wp-json\/wp\/v2\/pages\/722\/revisions\/1080"}],"wp:attachment":[{"href":"https:\/\/clthirsi.fi\/de\/wp-json\/wp\/v2\/media?parent=722"}],"curies":[{"name":"wp","href":"https:\/\/api.w.org\/{rel}","templated":true}]}}