{"id":902,"date":"2024-03-26T09:40:42","date_gmt":"2024-03-26T07:40:42","guid":{"rendered":"https:\/\/clthirsi.fi\/?page_id=902"},"modified":"2024-03-26T09:40:43","modified_gmt":"2024-03-26T07:40:43","slug":"frontpage-kopio","status":"publish","type":"page","link":"https:\/\/clthirsi.fi\/en\/frontpage-kopio\/","title":{"rendered":"Frontpage (kopio)"},"content":{"rendered":"\n<div style=\"height:2em\" aria-hidden=\"true\" class=\"wp-block-spacer\"><\/div>\n\n<div class=\"wp-block-columns are-vertically-aligned-center is-layout-flex wp-container-core-columns-is-layout-9d6595d7 wp-block-columns-is-layout-flex\">\n<div class=\"wp-block-column is-vertically-aligned-center is-layout-flow wp-block-column-is-layout-flow\">\n<h2 class=\"wp-block-heading has-medium-font-size\">Yhdistimme hirren ja CLT:n parhaat puolet<\/h2>\n<\/div>\n\n\n\n<div class=\"wp-block-column is-vertically-aligned-center is-layout-flow wp-block-column-is-layout-flow\">\n<p><br>Massiivipuinen ProLog CLT-hirsi on kest\u00e4v\u00e4, luonnollinen ja ymp\u00e4rist\u00f6yst\u00e4v\u00e4llinen materiaali, joka soveltuu ja on yhdistelt\u00e4viss\u00e4 kaikkiin pintoihin ja rakenteisiin. Hirsimateriaalin ristiinliimauksella saavutetaan ennenn\u00e4kem\u00e4tt\u00f6m\u00e4n vakaa ja kest\u00e4v\u00e4 tuote kustannustehokkaaseen rakentamiseen.<br><br>K\u00e4yt\u00e4mme vain kotimaista, tiivissyist\u00e4 kainuulaista puuta, joka tulee l\u00e4hialueen kest\u00e4v\u00e4sti hoidetuista, PEFC-sertifioiduista metsist\u00e4. T\u00e4st\u00e4 syyst\u00e4 meill\u00e4 tehd\u00e4\u00e4n Pohjois-Euroopan parasta CLT-materiaalia. Nyt saatavilla my\u00f6s hirten\u00e4.<\/p>\n<\/div>\n<\/div>\n\n<div style=\"height:5em\" aria-hidden=\"true\" class=\"wp-block-spacer\"><\/div>\n\n<div class=\"wp-block-cover alignfull is-light\"><span aria-hidden=\"true\" class=\"wp-block-cover__background has-gray-light-background-color has-background-dim-100 has-background-dim\"><\/span><div class=\"wp-block-cover__inner-container is-layout-flow wp-block-cover-is-layout-flow\">\n<div style=\"height:6em\" aria-hidden=\"true\" class=\"wp-block-spacer\"><\/div>\n\n\n\n<h2 class=\"wp-block-heading has-text-align-center has-brown-color has-text-color\">Painumaton ja kest\u00e4v\u00e4 ProLog<\/h2>\n\n\n\n<p class=\"has-text-align-center\" style=\"letter-spacing:4px\">MODERNIN\u00a0PUURAKENTAMISEN\u00a0HUIPPUTUOTE<\/p>\n\n\n\n<div style=\"height:5em\" aria-hidden=\"true\" class=\"wp-block-spacer\"><\/div>\n\n\n<div id=\"features-block_d0f40f65f66ed9dfbbd043b1746224c2\" class=\"features-block aligncenter\">\n\n\t\n\t\t<div class=\"features-block__content center\">\n\n\t\t\t<div class=\"features-block__content__image\">\n\t\t\t\t<div class=\"features-block__content__image__wrap\">\n\n\t\t\t\t\t<div class=\"features-block__content__image__wrap__locations\">\n\n\t\t\t\t\t\t\t\t\t\t\t\t\t\n\t\t\t\t\t\t\t<div class=\"location\" style=\"left:2.4238%; top:48.8047%;\">\n\t\t\t\t\t\t\t\t<span>1<\/span>\n\t\t\t\t\t\t\t<\/div><!-- .location -->\n\t\t\t\t\t\t\t\t\t\t\t\t\t\n\t\t\t\t\t\t\t<div class=\"location\" style=\"left:20.6027%; top:87.1071%;\">\n\t\t\t\t\t\t\t\t<span>2<\/span>\n\t\t\t\t\t\t\t<\/div><!-- .location -->\n\t\t\t\t\t\t\t\t\t\t\t\t\t\n\t\t\t\t\t\t\t<div class=\"location\" style=\"left:70.1185%; top:26.1527%;\">\n\t\t\t\t\t\t\t\t<span>3<\/span>\n\t\t\t\t\t\t\t<\/div><!-- .location -->\n\t\t\t\t\t\t\t\t\t\t\t\t\t\n\t\t\t\t\t\t\t<div class=\"location\" style=\"left:97.9927%; top:64.6611%;\">\n\t\t\t\t\t\t\t\t<span>4<\/span>\n\t\t\t\t\t\t\t<\/div><!-- .location -->\n\t\t\t\t\t\t\n\t\t\t\t\t<\/div><!-- .features-block__content__image__wrap__locations -->\n\n\t\t\t\t\t<img decoding=\"async\" src=\"https:\/\/clthirsi.fi\/wp-content\/uploads\/2023\/06\/prolog-hirsipaaty.png\" width=\"640\" height=\"538\" srcset=\"https:\/\/clthirsi.fi\/wp-content\/uploads\/2023\/06\/prolog-hirsipaaty-300x233.png 300w, https:\/\/clthirsi.fi\/wp-content\/uploads\/2023\/06\/prolog-hirsipaaty-768x598.png 768w\" alt=\"\">\n\t\t\t\t<\/div><!-- .features-block__content__image__wrap -->\n\t\t\t<\/div><!-- .features-block__content__image -->\n\n\t\t\t\n\t\t\t\t\t\t\t\t\t<div class=\"features-block__content__column\">\n\n\t\t\t\t\t\t\t\t\t\t\t\t\t<div class=\"features-block__content__column__text\">\n\t\t\t\t\t\t\t\t<span>1<\/span>\n\t\t\t\t\t\t\t\t<p class=\"hyphenate\"><b>Optimoitu korkeus<\/b><br>\nKustannustehokas 214 mm korkea hirsi ilman liimattuja vaakasumoja on tiivis, stabiili ja esteettinen sek\u00e4 rakennusvaiheessa korkeita hirsi\u00e4 helpompi k\u00e4sitell\u00e4.<\/p>\n\t\t\t\t\t\t\t<\/div><!-- .features-block__content__column__text -->\n\t\t\t\t\t\t\t\t\t\t\t\t\t<div class=\"features-block__content__column__text\">\n\t\t\t\t\t\t\t\t<span>2<\/span>\n\t\t\t\t\t\t\t\t<p class=\"hyphenate\"><b>Kest\u00e4vyytt\u00e4 ja vakautta<\/b><br>\nRistiinliimattu rakenne, jossa kuormat on ohjattu painumattomille pystylamelleille.<\/p>\n\t\t\t\t\t\t\t<\/div><!-- .features-block__content__column__text -->\n\t\t\t\t\t\t\n\t\t\t\t\t<\/div><!-- .features-block__content__column -->\n\t\t\t\t\t\t\t\t\t<div class=\"features-block__content__column\">\n\n\t\t\t\t\t\t\t\t\t\t\t\t\t<div class=\"features-block__content__column__text\">\n\t\t\t\t\t\t\t\t<span>3<\/span>\n\t\t\t\t\t\t\t\t<p class=\"hyphenate\"><b>Laadukas ja kest\u00e4v\u00e4 liimaus<\/b><br>\nMarkkinoiden laadukkainta liimaustekniikkaa Crosslamin CLT-tehtaan valmistamana.<\/p>\n\t\t\t\t\t\t\t<\/div><!-- .features-block__content__column__text -->\n\t\t\t\t\t\t\t\t\t\t\t\t\t<div class=\"features-block__content__column__text\">\n\t\t\t\t\t\t\t\t<span>4<\/span>\n\t\t\t\t\t\t\t\t<p class=\"hyphenate\"><b>Viimeistelty\u00e4 ulkopintaa<\/b><br>\nSis\u00e4- ja ulkopintojen k\u00e4sittelyyn soveltuvat kaikki hengitt\u00e4v\u00e4t pintak\u00e4sittelyaineet, joten k\u00e4ytett\u00e4viss\u00e4 on l\u00e4hes rajaton s\u00e4vyvalikoima.<\/p>\n\t\t\t\t\t\t\t<\/div><!-- .features-block__content__column__text -->\n\t\t\t\t\t\t\n\t\t\t\t\t<\/div><!-- .features-block__content__column -->\n\t\t\t\t\n\t\t\t\n\t\t<\/div><!-- .features-block__content -->\n\n\t<\/div>\n\n\n\n<div style=\"height:100px\" aria-hidden=\"true\" class=\"wp-block-spacer\"><\/div>\n<\/div><\/div>\n<div id=\"products-block_be90a974677c4fceb7f783746ad2844d\" class=\"products-block aligncenter\">\n\n\t\n\t\t<div class=\"products-block__content\">\n\t\t\t\t\t\t\t\n\t\t\t\t\t\t\t\t\t<div class=\"products-block__content__item\">\n\t\t\t\t\t\t<div class=\"products-block__content__item__text\">\n\t\t\t\t\t\t\t\t\t\t\t\t\t\t\t<h3>ProLog 135 x 214 mm<\/h3>\n\t\t\t\t\t\t\t\n\t\t\t\t\t\t\t\t\t\t\t\t\t\t\t<p class=\"ingress hyphenate\">Lomarakentamiseen ja v\u00e4liseiniin<\/p>\n\t\t\t\t\t\t\t\n\t\t\t\t\t\t\t\t\t\t\t\t\t\t\t<p>ProLog 135 mm on oiva valinta etenkin lomarakentamiseen. Vahva ja kaunis materiaali, jolla on hyv\u00e4t l\u00e4mm\u00f6neristysominaisuudet. Voidaan k\u00e4ytt\u00e4\u00e4 yhdess\u00e4 vahvempien hirsien kanssa v\u00e4lisein\u00e4rakenteissa.<\/p>\n<p>Mitat: 135 x 214 mm, nousu 204 mm.<br>\nHirren maksimipituus 12 metri\u00e4.<\/p>\n<p><a href=\"https:\/\/clthirsi.fi\/tuoteseloste\/\">Tarkemmat tuotetiedot<\/a><\/p>\n\t\t\t\t\t\t\t\t\t\t\t\t\t<\/div><!-- .products-block__content__item__text -->\n\n\t\t\t\t\t\t<div class=\"products-block__content__item__image\">\n\t\t\t\t\t\t\t\t\t\t\t\t\t\t\t<img decoding=\"async\" src=\"https:\/\/clthirsi.fi\/wp-content\/uploads\/2023\/06\/prolog-135mm-1024x706.jpg\" width=\"640\" height=\"441\" srcset=\"https:\/\/clthirsi.fi\/wp-content\/uploads\/2023\/06\/prolog-135mm-300x207.jpg 300w, https:\/\/clthirsi.fi\/wp-content\/uploads\/2023\/06\/prolog-135mm-1024x706.jpg 1024w, https:\/\/clthirsi.fi\/wp-content\/uploads\/2023\/06\/prolog-135mm-768x530.jpg 768w, https:\/\/clthirsi.fi\/wp-content\/uploads\/2023\/06\/prolog-135mm.jpg 1480w\" alt=\"\">\n\t\t\t\t\t\t\t\t\t\t\t\t\t<\/div><!-- .products-block__content__item__image -->\n\t\t\t\t\t<\/div><!-- .products-block__content__item -->\n\t\t\t\t\t\t\t\t\t\t\t\n\t\t\t\t\t\t\t\t\t<div class=\"products-block__content__item\">\n\t\t\t\t\t\t<div class=\"products-block__content__item__text\">\n\t\t\t\t\t\t\t\t\t\t\t\t\t\t\t<h3>ProLog 204 x 214 mm<\/h3>\n\t\t\t\t\t\t\t\n\t\t\t\t\t\t\t\t\t\t\t\t\t\t\t<p class=\"ingress hyphenate\">Omakotitaloihin, kouluihin, p\u00e4iv\u00e4koteihin sek\u00e4 muuhun julkiseen rakentamiseen<\/p>\n\t\t\t\t\t\t\t\n\t\t\t\t\t\t\t\t\t\t\t\t\t\t\t<p>Painumaton, kest\u00e4v\u00e4 ja stabiili, 204-millinen ProLog soveltuu erinomaisesti ymp\u00e4rivuotiseen k\u00e4ytt\u00f6\u00f6n tarkoitettuihin rakennuksiin.<\/p>\n<p>Mitat: 204 x 214 mm, nousu 204 mm.<br>\nHirren maksimipituus 12 metri\u00e4.<\/p>\n<p><a href=\"https:\/\/clthirsi.fi\/tuoteseloste\/\">Tarkemmat tuotetiedot<\/a><\/p>\n\t\t\t\t\t\t\t\t\t\t\t\t\t<\/div><!-- .products-block__content__item__text -->\n\n\t\t\t\t\t\t<div class=\"products-block__content__item__image\">\n\t\t\t\t\t\t\t\t\t\t\t\t\t\t\t<img decoding=\"async\" src=\"https:\/\/clthirsi.fi\/wp-content\/uploads\/2023\/06\/prolog-205mm-1024x706.jpg\" width=\"640\" height=\"441\" srcset=\"https:\/\/clthirsi.fi\/wp-content\/uploads\/2023\/06\/prolog-205mm-300x207.jpg 300w, https:\/\/clthirsi.fi\/wp-content\/uploads\/2023\/06\/prolog-205mm-1024x706.jpg 1024w, https:\/\/clthirsi.fi\/wp-content\/uploads\/2023\/06\/prolog-205mm-768x530.jpg 768w, https:\/\/clthirsi.fi\/wp-content\/uploads\/2023\/06\/prolog-205mm.jpg 1480w\" alt=\"\">\n\t\t\t\t\t\t\t\t\t\t\t\t\t<\/div><!-- .products-block__content__item__image -->\n\t\t\t\t\t<\/div><!-- .products-block__content__item -->\n\t\t\t\t\t\t\t\t\t\t\t\n\t\t\t\t\t\t\t\t\t<div class=\"products-block__content__item\">\n\t\t\t\t\t\t<div class=\"products-block__content__item__text\">\n\t\t\t\t\t\t\t\t\t\t\t\t\t\t\t<h3>ProLog 270 x 214 mm<\/h3>\n\t\t\t\t\t\t\t\n\t\t\t\t\t\t\t\t\t\t\t\t\t\t\t<p class=\"ingress hyphenate\">Vaativampiin erikoiskohteisiin<\/p>\n\t\t\t\t\t\t\t\n\t\t\t\t\t\t\t\t\t\t\t\t\t\t\t<p>Kun tarvitaan massiivista kest\u00e4vyytt\u00e4 sek\u00e4 j\u00e4mer\u00e4\u00e4 ulkomuotoa on 270-millinen ProLog varma valinta.<\/p>\n<p>Mitat: 270 x 214 mm, nousu 204 mm.<br>\nHirren maksimipituus 12 metri\u00e4.<\/p>\n<p><a href=\"https:\/\/clthirsi.fi\/tuoteseloste\/\">Tarkemmat tuotetiedot<\/a><\/p>\n\t\t\t\t\t\t\t\t\t\t\t\t\t<\/div><!-- .products-block__content__item__text -->\n\n\t\t\t\t\t\t<div class=\"products-block__content__item__image\">\n\t\t\t\t\t\t\t\t\t\t\t\t\t\t\t<img decoding=\"async\" src=\"https:\/\/clthirsi.fi\/wp-content\/uploads\/2023\/06\/prolog-270mm-1024x706.jpg\" width=\"640\" height=\"441\" srcset=\"https:\/\/clthirsi.fi\/wp-content\/uploads\/2023\/06\/prolog-270mm-300x207.jpg 300w, https:\/\/clthirsi.fi\/wp-content\/uploads\/2023\/06\/prolog-270mm-1024x706.jpg 1024w, https:\/\/clthirsi.fi\/wp-content\/uploads\/2023\/06\/prolog-270mm-768x530.jpg 768w, https:\/\/clthirsi.fi\/wp-content\/uploads\/2023\/06\/prolog-270mm.jpg 1480w\" alt=\"\">\n\t\t\t\t\t\t\t\t\t\t\t\t\t<\/div><!-- .products-block__content__item__image -->\n\t\t\t\t\t<\/div><!-- .products-block__content__item -->\n\t\t\t\t\t\t\t\t\t<\/div><!-- .products-block__content -->\n\n\t<\/div>\n\n<div class=\"wp-block-cover alignfull\" style=\"min-height:800px;aspect-ratio:unset;\"><span aria-hidden=\"true\" class=\"wp-block-cover__background has-gray-dark-background-color has-background-dim-0 has-background-dim\"><\/span><img loading=\"lazy\" decoding=\"async\" width=\"2560\" height=\"997\" class=\"wp-block-cover__image-background wp-image-491\" alt=\"\" src=\"https:\/\/clthirsi.fi\/wp-content\/uploads\/2023\/12\/prolog-referenssi-wide-scaled.jpg\" style=\"object-position:23% 46%\" data-object-fit=\"cover\" data-object-position=\"23% 46%\" srcset=\"https:\/\/clthirsi.fi\/wp-content\/uploads\/2023\/12\/prolog-referenssi-wide-scaled.jpg 2560w, https:\/\/clthirsi.fi\/wp-content\/uploads\/2023\/12\/prolog-referenssi-wide-300x117.jpg 300w, https:\/\/clthirsi.fi\/wp-content\/uploads\/2023\/12\/prolog-referenssi-wide-1024x399.jpg 1024w, https:\/\/clthirsi.fi\/wp-content\/uploads\/2023\/12\/prolog-referenssi-wide-768x299.jpg 768w, https:\/\/clthirsi.fi\/wp-content\/uploads\/2023\/12\/prolog-referenssi-wide-1536x598.jpg 1536w, https:\/\/clthirsi.fi\/wp-content\/uploads\/2023\/12\/prolog-referenssi-wide-2048x798.jpg 2048w, https:\/\/clthirsi.fi\/wp-content\/uploads\/2023\/12\/prolog-referenssi-wide-1920x748.jpg 1920w, https:\/\/clthirsi.fi\/wp-content\/uploads\/2023\/12\/prolog-referenssi-wide-1600x623.jpg 1600w\" sizes=\"auto, (max-width: 2560px) 100vw, 2560px\"><div class=\"wp-block-cover__inner-container is-layout-flow wp-block-cover-is-layout-flow\">\n<div class=\"wp-block-columns alignwide is-layout-flex wp-container-core-columns-is-layout-9d6595d7 wp-block-columns-is-layout-flex\">\n<div class=\"wp-block-column is-layout-flow wp-block-column-is-layout-flow\" style=\"flex-basis:78%\"><\/div>\n\n\n\n<div class=\"wp-block-column is-layout-flow wp-block-column-is-layout-flow\" style=\"flex-basis:200%\">\n<h2 class=\"wp-block-heading has-text-align-center has-brown-color has-text-color has-link-color has-medium-font-size wp-elements-9198ff7d60c8f5bdac885e652bb53023\">Vapautta arkkitehtuuriin<\/h2>\n\n\n\n<p class=\"has-text-align-center\"><strong>Painumaton ProLog\u00ae CLT-hirsi mahdollistaa<\/strong><br><strong>modernit ja n\u00e4ytt\u00e4v\u00e4t arkkitehtoniset ratkaisut.<\/strong><\/p>\n\n\n\n<div class=\"wp-block-buttons is-content-justification-center is-layout-flex wp-container-core-buttons-is-layout-16018d1d wp-block-buttons-is-layout-flex\">\n<div class=\"wp-block-button\"><a class=\"wp-block-button__link has-white-color has-brown-background-color has-text-color has-background has-text-align-left wp-element-button\" href=\"https:\/\/clthirsi.fi\/en\/gallery\/\">Katso esimerkkej\u00e4<\/a><\/div>\n<\/div>\n\n\n\n<div style=\"height:100px\" aria-hidden=\"true\" class=\"wp-block-spacer\"><\/div>\n\n\n\n<p class=\"has-text-align-center has-medium-font-size\">\u201cPainumaton hirsi oli luonnollinen valinta\u201d  <\/p>\n\n\n\n<p class=\"has-text-align-center has-medium-font-size\">Timo Koljonen, arkkitehti<\/p>\n<\/div>\n\n\n\n<div class=\"wp-block-column is-layout-flow wp-block-column-is-layout-flow\" style=\"flex-basis:2%\"><\/div>\n<\/div>\n<\/div><\/div>\n\n<div class=\"wp-block-cover alignfull is-light\"><span aria-hidden=\"true\" class=\"wp-block-cover__background has-gray-light-background-color has-background-dim-100 has-background-dim\"><\/span><div class=\"wp-block-cover__inner-container is-layout-flow wp-block-cover-is-layout-flow\">\n<div style=\"height:6em\" aria-hidden=\"true\" class=\"wp-block-spacer\"><\/div>\n\n\n\n<p class=\"has-medium-font-size\">Esimerkkej\u00e4 nurkkavaihtoehdoista<\/p>\n\n\n\n<h2 class=\"wp-block-heading has-text-align-left has-brown-color has-text-color\">Suunniteltu sujuvaan rakentamiseen.<\/h2>\n\n\n\n<div style=\"height:2em\" aria-hidden=\"true\" class=\"wp-block-spacer\"><\/div>\n\n\n\n<h4 class=\"wp-block-heading has-gray-dark-color has-text-color has-small-font-size\">Moderni lyhytnurkka<\/h4>\n\n\n<div id=\"features-block_989fa4eec6f287f8762d952f77c1d5c5\" class=\"features-block aligncenter\">\n\n\t\n\t\t<div class=\"features-block__content right\">\n\n\t\t\t<div class=\"features-block__content__image\">\n\t\t\t\t<div class=\"features-block__content__image__wrap\">\n\n\t\t\t\t\t<div class=\"features-block__content__image__wrap__locations\">\n\n\t\t\t\t\t\t\t\t\t\t\t\t\t\n\t\t\t\t\t\t\t<div class=\"location\" style=\"left:56.2679%; top:45.4768%;\">\n\t\t\t\t\t\t\t\t<span>1<\/span>\n\t\t\t\t\t\t\t<\/div><!-- .location -->\n\t\t\t\t\t\t\t\t\t\t\t\t\t\n\t\t\t\t\t\t\t<div class=\"location\" style=\"left:63.0200%; top:63.7137%;\">\n\t\t\t\t\t\t\t\t<span>2<\/span>\n\t\t\t\t\t\t\t<\/div><!-- .location -->\n\t\t\t\t\t\t\t\t\t\t\t\t\t\n\t\t\t\t\t\t\t<div class=\"location\" style=\"left:57.3732%; top:84.1014%;\">\n\t\t\t\t\t\t\t\t<span>3<\/span>\n\t\t\t\t\t\t\t<\/div><!-- .location -->\n\t\t\t\t\t\t\n\t\t\t\t\t<\/div><!-- .features-block__content__image__wrap__locations -->\n\n\t\t\t\t\t<img decoding=\"async\" src=\"https:\/\/clthirsi.fi\/wp-content\/uploads\/2023\/06\/log-corner-tyvek-1024x768.png\" width=\"640\" height=\"480\" srcset=\"https:\/\/clthirsi.fi\/wp-content\/uploads\/2023\/06\/log-corner-tyvek-300x225.png 300w, https:\/\/clthirsi.fi\/wp-content\/uploads\/2023\/06\/log-corner-tyvek-1024x768.png 1024w, https:\/\/clthirsi.fi\/wp-content\/uploads\/2023\/06\/log-corner-tyvek-768x576.png 768w, https:\/\/clthirsi.fi\/wp-content\/uploads\/2023\/06\/log-corner-tyvek-1536x1152.png 1536w, https:\/\/clthirsi.fi\/wp-content\/uploads\/2023\/06\/log-corner-tyvek.png 1600w\" alt=\"\">\n\t\t\t\t<\/div><!-- .features-block__content__image__wrap -->\n\t\t\t<\/div><!-- .features-block__content__image -->\n\n\t\t\t\n\t\t\t\t<div class=\"features-block__content__column\">\n\n\t\t\t\t\t\t\t\t\t\t\t<div class=\"features-block__content__column__text\">\n\t\t\t\t\t\t\t<span>1<\/span>\n\t\t\t\t\t\t\t<p class=\"hyphenate\">Asennusyst\u00e4v\u00e4llinen naaras-naaras-salvos ja clt-kiilatappi liitoksen lukitukseen tekev\u00e4t asennuksesta nopeampaa.<\/p>\n\t\t\t\t\t\t<\/div><!-- .features-block__content__column__text -->\n\t\t\t\t\t\t\t\t\t\t\t<div class=\"features-block__content__column__text\">\n\t\t\t\t\t\t\t<span>2<\/span>\n\t\t\t\t\t\t\t<p class=\"hyphenate\">Nurkan tiiveys varmistetaan tuulensuojakankaalla ja rimalla.<\/p>\n\t\t\t\t\t\t<\/div><!-- .features-block__content__column__text -->\n\t\t\t\t\t\t\t\t\t\t\t<div class=\"features-block__content__column__text\">\n\t\t\t\t\t\t\t<span>3<\/span>\n\t\t\t\t\t\t\t<p class=\"hyphenate\">Nurkka viimeistell\u00e4\u00e4n kahdella nurkkalaudalla. Lopputulos on kaunis ja viimeistelty.<\/p>\n\t\t\t\t\t\t<\/div><!-- .features-block__content__column__text -->\n\t\t\t\t\t\n\t\t\t\t<\/div><!-- .features-block__content__column -->\n\n\t\t\t\n\t\t<\/div><!-- .features-block__content -->\n\n\t<\/div>\n\n\n\n<div style=\"height:4em\" aria-hidden=\"true\" class=\"wp-block-spacer\"><\/div>\n\n\n\n<h4 class=\"wp-block-heading has-gray-dark-color has-text-color has-small-font-size\">Perinteinen ristinurkka<\/h4>\n\n\n\n<div style=\"height:1em\" aria-hidden=\"true\" class=\"wp-block-spacer\"><\/div>\n\n\n<div id=\"features-block_b0725107fc47b1590942ab03325237e9\" class=\"features-block aligncenter\">\n\n\t\n\t\t<div class=\"features-block__content right\">\n\n\t\t\t<div class=\"features-block__content__image\">\n\t\t\t\t<div class=\"features-block__content__image__wrap\">\n\n\t\t\t\t\t<div class=\"features-block__content__image__wrap__locations\">\n\n\t\t\t\t\t\t\t\t\t\t\t\t\t\n\t\t\t\t\t\t\t<div class=\"location\" style=\"left:56.8548%; top:31.7581%;\">\n\t\t\t\t\t\t\t\t<span>1<\/span>\n\t\t\t\t\t\t\t<\/div><!-- .location -->\n\t\t\t\t\t\t\n\t\t\t\t\t<\/div><!-- .features-block__content__image__wrap__locations -->\n\n\t\t\t\t\t<img decoding=\"async\" src=\"https:\/\/clthirsi.fi\/wp-content\/uploads\/2023\/06\/perinteinen-ristinurkka.png\" width=\"640\" height=\"387\" srcset=\"https:\/\/clthirsi.fi\/wp-content\/uploads\/2023\/06\/perinteinen-ristinurkka-300x181.png 300w, https:\/\/clthirsi.fi\/wp-content\/uploads\/2023\/06\/perinteinen-ristinurkka-768x464.png 768w, https:\/\/clthirsi.fi\/wp-content\/uploads\/2023\/06\/perinteinen-ristinurkka.png 1000w\" alt=\"\">\n\t\t\t\t<\/div><!-- .features-block__content__image__wrap -->\n\t\t\t<\/div><!-- .features-block__content__image -->\n\n\t\t\t\n\t\t\t\t<div class=\"features-block__content__column\">\n\n\t\t\t\t\t\t\t\t\t\t\t<div class=\"features-block__content__column__text\">\n\t\t\t\t\t\t\t<span>1<\/span>\n\t\t\t\t\t\t\t<p class=\"hyphenate\">Perinteinen nurkkasalvos tiivistet\u00e4\u00e4n hengitt\u00e4v\u00e4ll\u00e4 PP-TERMO -eristenauhalla.<\/p>\n\t\t\t\t\t\t<\/div><!-- .features-block__content__column__text -->\n\t\t\t\t\t\n\t\t\t\t<\/div><!-- .features-block__content__column -->\n\n\t\t\t\n\t\t<\/div><!-- .features-block__content -->\n\n\t<\/div>\n\n\n\n<div style=\"height:2em\" aria-hidden=\"true\" class=\"wp-block-spacer\"><\/div>\n<\/div><\/div>\n\n<div class=\"wp-block-cover alignfull is-light has-parallax\" style=\"min-height:700px;aspect-ratio:unset;\"><span aria-hidden=\"true\" class=\"wp-block-cover__background has-background-dim-40 has-background-dim\"><\/span><div role=\"img\" class=\"wp-block-cover__image-background wp-image-306 has-parallax\" style=\"background-position:50% 50%;background-image:url(https:\/\/clthirsi.fi\/wp-content\/uploads\/2023\/06\/prolog-clt-hirsi-hiilinegatiivinen-rakennus-materiaali.jpg)\"><\/div><div class=\"wp-block-cover__inner-container is-layout-flow wp-block-cover-is-layout-flow\">\n<div class=\"wp-block-columns is-layout-flex wp-container-core-columns-is-layout-9d6595d7 wp-block-columns-is-layout-flex\">\n<div class=\"wp-block-column is-vertically-aligned-center is-layout-flow wp-block-column-is-layout-flow\">\n<p class=\"has-white-color has-text-color has-small-font-size\" style=\"letter-spacing:2px\"><strong>LUONNOSTAAN\u00a0VAHVA<\/strong><\/p>\n\n\n\n<h2 class=\"wp-block-heading has-white-color has-text-color\">Hiilinegatiivinen<br>materiaali<\/h2>\n<\/div>\n\n\n\n<div class=\"wp-block-column is-vertically-aligned-center is-layout-flow wp-block-column-is-layout-flow\">\n<p class=\"has-white-color has-text-color has-medium-font-size\">ProLog valmistetaan Kuhmossa, metsien keskell\u00e4. Valmistusprosessi sis\u00e4lt\u00e4\u00e4 hyvin v\u00e4h\u00e4n logistisia siirtoja ja v\u00e4lipakkaamista. Prosessiimme kuluu v\u00e4h\u00e4n energiaa ja tuotantomme v\u00e4h\u00e4inenkin hukka saa uuden el\u00e4m\u00e4n pienrakennuksena, kalusteena tai l\u00e4mm\u00f6nl\u00e4hteen\u00e4. ProLog on yksi ymp\u00e4rist\u00f6yst\u00e4v\u00e4llisimmist\u00e4 rakennusmateriaaleista. Ja 100% kotimaista laatua.<\/p>\n<\/div>\n<\/div>\n<\/div><\/div>\n\n<div class=\"wp-block-cover alignfull\"><span aria-hidden=\"true\" class=\"wp-block-cover__background has-gray-dark-background-color has-background-dim-100 has-background-dim\"><\/span><div class=\"wp-block-cover__inner-container is-layout-flow wp-block-cover-is-layout-flow\">\n<div style=\"height:2em\" aria-hidden=\"true\" class=\"wp-block-spacer\"><\/div>\n\n\n\n<div class=\"wp-block-columns are-vertically-aligned-center is-layout-flex wp-container-core-columns-is-layout-9d6595d7 wp-block-columns-is-layout-flex\">\n<div class=\"wp-block-column is-vertically-aligned-center is-layout-flow wp-block-column-is-layout-flow\" style=\"flex-basis:45%\">\n<h2 class=\"wp-block-heading has-brown-color has-text-color\">Assisting in realizing your construction project.<\/h2>\n\n\n\n<p><strong>We provide materials tailored to your specifications. Always on time.<\/strong><\/p>\n<\/div>\n\n\n\n<div class=\"wp-block-column is-vertically-aligned-center is-layout-flow wp-block-column-is-layout-flow\" style=\"flex-basis:55%\">\n<div id=\"contacts-block_d88802cbc681723192c0149705bfa5d9\" class=\"contacts-block\">\n\n\t\t\t\t\t\n\t\t<div class=\"contacts\">\n\n\t\t\t\n\t\t\t\t<div class=\"contacts__contact\">\n\n\t\t\t\t\t<div class=\"contacts__contact__image\">\n\t\t\t\t\t\t\t\t\t\t\t\t\t<img decoding=\"async\" src=\"https:\/\/clthirsi.fi\/wp-content\/uploads\/2023\/06\/jukka-150x150.jpg\" loading=\"lazy\" width=\"150\" height=\"150\" srcset=\"https:\/\/clthirsi.fi\/wp-content\/uploads\/2023\/06\/jukka-300x300.jpg 300w, https:\/\/clthirsi.fi\/wp-content\/uploads\/2023\/06\/jukka-150x150.jpg 150w, https:\/\/clthirsi.fi\/wp-content\/uploads\/2023\/06\/jukka.jpg 321w\" alt=\"\">\n\t\t\t\t\t\t\t\t\t\t\t<\/div><!-- .contacts__contact__image -->\n\n\t\t\t\t\t<div class=\"contacts__contact__text\">\n\t\t\t\t\t\t\t\t\t\t\t\t\t<p class=\"name\">Jukka Hyv\u00e4rinen<\/p>\n\t\t\t\t\t\t\n\t\t\t\t\t\t\t\t\t\t\t\t\t<p class=\"title\">Managing Director, Export sales<\/p>\n\t\t\t\t\t\t\t\t\t\t\t<\/div><!-- .contacts__contact__text -->\n\n\t\t\t\t\t<div class=\"contacts__contact__links\">\n\t\t\t\t\t\t\t\t\t\t\t\t\t<a href=\"tel:+358%20500%C2%A04677%C2%A055\">+358 500\u00a04677\u00a055<\/a>\n\t\t\t\t\t\t\n\t\t\t\t\t\t\t\t\t\t\t\t\t<a href=\"mailto:jukka.hyvarinen@timberframe.fi\">jukka.hyvarinen@timberframe.fi<\/a>\n\t\t\t\t\t\t\t\t\t\t\t<\/div><!-- .contacts__contact__links -->\n\t\t\t\t<\/div><!-- .contacts__contact -->\n\n\t\t\t\t\n\t\t\t\t<div class=\"contacts__contact\">\n\n\t\t\t\t\t<div class=\"contacts__contact__image\">\n\t\t\t\t\t\t\t\t\t\t\t\t\t<img decoding=\"async\" src=\"https:\/\/clthirsi.fi\/wp-content\/uploads\/2023\/06\/annukka-150x150.jpg\" loading=\"lazy\" width=\"150\" height=\"150\" srcset=\"https:\/\/clthirsi.fi\/wp-content\/uploads\/2023\/06\/annukka-300x300.jpg 300w, https:\/\/clthirsi.fi\/wp-content\/uploads\/2023\/06\/annukka-150x150.jpg 150w, https:\/\/clthirsi.fi\/wp-content\/uploads\/2023\/06\/annukka.jpg 321w\" alt=\"\">\n\t\t\t\t\t\t\t\t\t\t\t<\/div><!-- .contacts__contact__image -->\n\n\t\t\t\t\t<div class=\"contacts__contact__text\">\n\t\t\t\t\t\t\t\t\t\t\t\t\t<p class=\"name\">Annukka Rahikainen<\/p>\n\t\t\t\t\t\t\n\t\t\t\t\t\t\t\t\t\t\t\t\t<p class=\"title\">Export sales<\/p>\n\t\t\t\t\t\t\t\t\t\t\t<\/div><!-- .contacts__contact__text -->\n\n\t\t\t\t\t<div class=\"contacts__contact__links\">\n\t\t\t\t\t\t\t\t\t\t\t\t\t<a href=\"tel:+358%20400%C2%A06195%2094\">+358 400\u00a06195 94<\/a>\n\t\t\t\t\t\t\n\t\t\t\t\t\t\t\t\t\t\t\t\t<a href=\"mailto:annukka.rahikainen@timberframe.fi\">annukka.rahikainen@timberframe.fi<\/a>\n\t\t\t\t\t\t\t\t\t\t\t<\/div><!-- .contacts__contact__links -->\n\t\t\t\t<\/div><!-- .contacts__contact -->\n\n\t\t\t\t\t\t\n\t\t<\/div><!-- .contacts -->\n\n\t\t\t\n<\/div>\n<\/div>\n<\/div>\n\n\n\n<div style=\"height:2em\" aria-hidden=\"true\" class=\"wp-block-spacer\"><\/div>\n<\/div><\/div>\n","protected":false},"excerpt":{"rendered":"<p>Yhdistimme hirren ja CLT:n parhaat puolet Massiivipuinen ProLog CLT-hirsi on kest\u00e4v\u00e4, luonnollinen ja ymp\u00e4rist\u00f6yst\u00e4v\u00e4llinen materiaali, joka soveltuu ja on yhdistelt\u00e4viss\u00e4 kaikkiin pintoihin ja rakenteisiin. Hirsimateriaalin ristiinliimauksella saavutetaan ennenn\u00e4kem\u00e4tt\u00f6m\u00e4n vakaa ja kest\u00e4v\u00e4 tuote kustannustehokkaaseen rakentamiseen. K\u00e4yt\u00e4mme vain kotimaista, tiivissyist\u00e4 kainuulaista puuta, joka tulee l\u00e4hialueen kest\u00e4v\u00e4sti hoidetuista, PEFC-sertifioiduista metsist\u00e4. T\u00e4st\u00e4 syyst\u00e4 meill\u00e4 tehd\u00e4\u00e4n Pohjois-Euroopan parasta CLT-materiaalia. Nyt [&hellip;]<\/p>\n","protected":false},"author":1,"featured_media":0,"parent":0,"menu_order":0,"comment_status":"closed","ping_status":"closed","template":"","meta":{"_acf_changed":false,"footnotes":""},"class_list":["post-902","page","type-page","status-publish","hentry"],"acf":[],"_links":{"self":[{"href":"https:\/\/clthirsi.fi\/en\/wp-json\/wp\/v2\/pages\/902","targetHints":{"allow":["GET"]}}],"collection":[{"href":"https:\/\/clthirsi.fi\/en\/wp-json\/wp\/v2\/pages"}],"about":[{"href":"https:\/\/clthirsi.fi\/en\/wp-json\/wp\/v2\/types\/page"}],"author":[{"embeddable":true,"href":"https:\/\/clthirsi.fi\/en\/wp-json\/wp\/v2\/users\/1"}],"replies":[{"embeddable":true,"href":"https:\/\/clthirsi.fi\/en\/wp-json\/wp\/v2\/comments?post=902"}],"version-history":[{"count":0,"href":"https:\/\/clthirsi.fi\/en\/wp-json\/wp\/v2\/pages\/902\/revisions"}],"wp:attachment":[{"href":"https:\/\/clthirsi.fi\/en\/wp-json\/wp\/v2\/media?parent=902"}],"curies":[{"name":"wp","href":"https:\/\/api.w.org\/{rel}","templated":true}]}}